{"id":45,"date":"2020-03-21T12:26:08","date_gmt":"2020-03-21T12:26:08","guid":{"rendered":"http:\/\/tsv-birkenau-foerderverein.de\/?page_id=45"},"modified":"2026-03-26T10:20:30","modified_gmt":"2026-03-26T10:20:30","slug":"impressum","status":"publish","type":"page","link":"https:\/\/tsv-birkenau-foerderverein.de\/?page_id=45","title":{"rendered":"Impressum"},"content":{"rendered":"\n<p><strong>Eigent\u00fcmer dieser Webseite:<\/strong><\/p>\n\n\n\n<p>F\u00f6rderverein des TSV Birkenau e.V.<br>Bergstra\u00dfe 15a<\/p>\n\n\n\n<p>69488 Birkenau<\/p>\n\n\n\n<p>Email: info@tsv-birkenau-foerderverein.de<\/p>\n\n\n\n<p><strong>Bankverbindungen:<\/strong><\/p>\n\n\n\n<p>&#8230;<\/p>\n\n\n\n<p><strong>Inhaltlich Verantwortlicher gem\u00e4\u00df \u00a75 Telemediengesetz (TMG):<\/strong><br>Andreas Michael, Carl-Diem-Stra\u00dfe 3, 69488 Birkenau<\/p>\n\n\n\n<p><strong>Webmaster: <\/strong>Andreas Michael (andreas.michael@tsv-birkenau-foerderverein.de)<\/p>\n\n\n\n<p><strong>Hinweis zum Urheberrecht:<br><\/strong>S\u00e4mtliche auf dieser Plattform dargestellten Fotos\/Bilder unterliegen dem Urheberrecht des jeweiligen Fotografen und d\u00fcrfen nicht ohne dessen Einverst\u00e4ndnis kopiert\/vervielf\u00e4ltigt\/publiziert werden. Dies gilt f\u00fcr kommerzielle wie f\u00fcr nicht-kommerzielle Nutzung.<br>Bei gestatteter Weiterverwendung ist ein Hinweis auf den Urheber zwingend, sofern nicht ausdr\u00fccklich eine andere Vereinbarung getroffen wurde. Bei Nichtbeachtung beh\u00e4lt sich der Urheber rechtliche Schritte zur Wahrung seiner Recht vor.<\/p>\n\n\n\n<p><strong>Schadensminderungspflicht:<\/strong><br>F\u00fcr den Fall von Domainstreitigkeiten, wettbewerbsrechtlichen und\/oder \u00e4hnlichen Konflikten bitten wir um Kontaktaufnahme im Vorfeld zur Vermeidung unn\u00f6tiger Kosten und Rechtsstreitigkeiten. Eine Kostennote bei anwaltlicher Abmahnung ohne vorhergehende Kontaktaufnahme mit uns wird gem\u00e4\u00df Schadensminderungspflicht als unbegr\u00fcndet zur\u00fcckgewiesen.<\/p>\n\n\n\n<p><strong>Haftungssausschluss:<\/strong><br>Bei direkten oder indirekten Verweisen auf fremde Webseiten (&#8222;Hyperlinks&#8220;), die au\u00dferhalb des Verantwortungsbereiches des Autors liegen, w\u00fcrde eine Haftungsverpflichtung ausschlie\u00dflich in dem Fall in Kraft treten, in dem der Autor von den Inhalten Kenntnis hat und es ihm technisch m\u00f6glich und zumutbar w\u00e4re, die Nutzung im Falle rechtswidriger Inhalte zu verhindern.<br>Der Autor erkl\u00e4rt hiermit ausdr\u00fccklich, dass zum Zeitpunkt der Linksetzung keine illegalen Inhalte auf den zu verlinkenden Seiten erkennbar waren. Auf die aktuelle und zuk\u00fcnftige Gestaltung, die Inhalte oder die Urheberschaft der verlinkten\/verkn\u00fcpften Seiten hat der Autor keinerlei Einfluss. Deshalb distanziert er sich hiermit ausdr\u00fccklich von allen Inhalten aller verlinkten \/verkn\u00fcpften Seiten, die nach der Linksetzung ver\u00e4ndert wurden. Diese Feststellung gilt f\u00fcr alle innerhalb des eigenen Internetangebotes gesetzten Links und Verweise sowie f\u00fcr Fremdeintr\u00e4ge in vom Autor eingerichteten G\u00e4steb\u00fcchern, Diskussionsforen, Linkverzeichnissen, Mailinglisten und in allen anderen Formen von Datenbanken, auf deren Inhalt externe Schreibzugriffe m\u00f6glich sind. F\u00fcr illegale, fehlerhafte oder unvollst\u00e4ndige Inhalte und insbesondere f\u00fcr Sch\u00e4den, die aus der Nutzung oder Nichtnutzung solcherart dargebotener Informationen entstehen, haftet allein der Anbieter der Seite, auf welche verwiesen wurde, nicht derjenige, der \u00fcber Links auf die jeweilige Ver\u00f6ffentlichung lediglich verweist.<\/p>\n","protected":false},"excerpt":{"rendered":"<p>Eigent\u00fcmer dieser Webseite: F\u00f6rderverein des TSV Birkenau e.V.Bergstra\u00dfe 15a 69488 Birkenau Email: info@tsv-birkenau-foerderverein.de Bankverbindungen: &#8230; Inhaltlich Verantwortlicher gem\u00e4\u00df \u00a75 Telemediengesetz (TMG):Andreas Michael, Carl-Diem-Stra\u00dfe 3, 69488 Birkenau Webmaster: Andreas Michael (andreas.michael@tsv-birkenau-foerderverein.de) Hinweis zum Urheberrecht:S\u00e4mtliche auf dieser Plattform dargestellten Fotos\/Bilder unterliegen dem Urheberrecht des jeweiligen Fotografen und d\u00fcrfen nicht ohne dessen Einverst\u00e4ndnis kopiert\/vervielf\u00e4ltigt\/publiziert werden. Dies gilt f\u00fcr &hellip; <\/p>\n<p class=\"link-more\"><a href=\"https:\/\/tsv-birkenau-foerderverein.de\/?page_id=45\" class=\"more-link\"><span class=\"screen-reader-text\">\u201eImpressum\u201c<\/span> weiterlesen<\/a><\/p>\n","protected":false},"author":1,"featured_media":0,"parent":0,"menu_order":0,"comment_status":"closed","ping_status":"closed","template":"","meta":{"footnotes":""},"_links":{"self":[{"href":"https:\/\/tsv-birkenau-foerderverein.de\/index.php?rest_route=\/wp\/v2\/pages\/45"}],"collection":[{"href":"https:\/\/tsv-birkenau-foerderverein.de\/index.php?rest_route=\/wp\/v2\/pages"}],"about":[{"href":"https:\/\/tsv-birkenau-foerderverein.de\/index.php?rest_route=\/wp\/v2\/types\/page"}],"author":[{"embeddable":true,"href":"https:\/\/tsv-birkenau-foerderverein.de\/index.php?rest_route=\/wp\/v2\/users\/1"}],"replies":[{"embeddable":true,"href":"https:\/\/tsv-birkenau-foerderverein.de\/index.php?rest_route=%2Fwp%2Fv2%2Fcomments&post=45"}],"version-history":[{"count":3,"href":"https:\/\/tsv-birkenau-foerderverein.de\/index.php?rest_route=\/wp\/v2\/pages\/45\/revisions"}],"predecessor-version":[{"id":374,"href":"https:\/\/tsv-birkenau-foerderverein.de\/index.php?rest_route=\/wp\/v2\/pages\/45\/revisions\/374"}],"wp:attachment":[{"href":"https:\/\/tsv-birkenau-foerderverein.de\/index.php?rest_route=%2Fwp%2Fv2%2Fmedia&parent=45"}],"curies":[{"name":"wp","href":"https:\/\/api.w.org\/{rel}","templated":true}]}}